{"id":220,"date":"2016-01-28T14:48:12","date_gmt":"2016-01-28T14:48:12","guid":{"rendered":"http:\/\/horizon-research.com\/wp-test\/?page_id=220"},"modified":"2025-10-29T16:14:49","modified_gmt":"2025-10-29T20:14:49","slug":"student-experience-1","status":"publish","type":"page","link":"https:\/\/www.horizon-research.com\/ASSET\/matter\/driving-questions\/melting-ice-cube\/student-experience-1\/","title":{"rendered":"Student Experience 1: Imagining Phase Change"},"content":{"rendered":"<p><a href=\"https:\/\/www.horizon-research.com\/ASSET\/wp-content\/uploads\/2016\/07\/melt-25202_640-e1481831066731.png\"><img loading=\"lazy\" decoding=\"async\" class=\"wp-image-318 aligncenter\" src=\"https:\/\/www.horizon-research.com\/ASSET\/wp-content\/uploads\/2016\/07\/melt-25202_640-300x178.png\" alt=\"melt-25202_640\" width=\"168\" height=\"100\" \/><\/a><a href=\"https:\/\/www.horizon-research.com\/ASSET\/matter\/driving-questions\/melting-ice-cube\/student-experience-1\/print\/\" rel=\"nofollow\" title=\"Print\">Print<\/a>\n<h3>Purpose<\/h3>\n<p>To help the teacher and students become aware of students\u2019 initial thinking about how matter changes when it changes phase.<\/p>\n<h3>Description<\/h3>\n<p>As students watch, put an ice cube in an airtight\u00a0container (for example, Tupperware) and put the lid on. Tell students the container\u00a0will stay where it is in the classroom all day. Ask them to imagine that they have <a href=\"\/ASSET\/super-strong-glasses\" target=\"_blank\" rel=\"noopener\">super strong glasses<\/a> that are more powerful than the strongest microscope. Tell them to draw what they would see inside the container\u00a0when the water is a solid (ice), a liquid, and vapor using <a href=\"https:\/\/www.horizon-research.com\/ASSET\/wp-content\/uploads\/2017\/07\/icecube-1.pdf\" target=\"_blank\" rel=\"noopener\">this task sheet<\/a>. \u00a0[<a href=\"https:\/\/www.horizon-research.com\/ASSET\/student-task-time-1\/\" target=\"_blank\" rel=\"noopener\">Task instructions for pilot teachers.<\/a>]\n<p><a href=\"https:\/\/www.horizon-research.com\/ASSET\/wp-content\/uploads\/2017\/07\/ice-pic.png\"><img loading=\"lazy\" decoding=\"async\" class=\"aligncenter wp-image-1498\" src=\"https:\/\/www.horizon-research.com\/ASSET\/wp-content\/uploads\/2017\/07\/ice-pic-189x300.png\" alt=\"ice pic\" width=\"283\" height=\"450\" srcset=\"https:\/\/www.horizon-research.com\/ASSET\/wp-content\/uploads\/2017\/07\/ice-pic-189x300.png 189w, https:\/\/www.horizon-research.com\/ASSET\/wp-content\/uploads\/2017\/07\/ice-pic.png 348w\" sizes=\"auto, (max-width: 283px) 100vw, 283px\" \/><\/a><\/p>\n<h3>Questions to Ask Students<\/h3>\n<p>Describe what&#8217;s in your drawings. What does each part represent?<\/p>\n<h3>Student Thinking<\/h3>\n<p>Some students\u2019 drawings will represent water as continuous (that is, they will not draw water particles), even in the vapor phase <a href=\"\/ASSET\/References\/#IceCube\" target=\"_blank\" rel=\"noopener\">(Benson, Wittrock, &amp; Baur, 1993; Nakhleh &amp; Samarapungavan, 1999; Renstr\u00f6m, Andersson, &amp; Marton, 1990; S\u00e9r\u00e9, 1986)<\/a>. If students draw particles, look for:<\/p>\n<ul>\n<li>Size and shape of particles in different states. Some students believe size and shape change as the states change <a href=\"\/ASSET\/References\/#IceCube\" target=\"_blank\" rel=\"noopener\">(Aydeniz &amp; Kotowski, 2012; \u00d6zmen, 2011; \u00d6zmen &amp; Kenan, 2007; Tsai, 1999)<\/a>. For example, some think water particles are bigger in the vapor phase than the solid phase.<\/li>\n<li>Number of particles. Students may believe that the number of particles changes as the states change. For example, some students believe that the particles disappear when water evaporates <a href=\"\/ASSET\/References\/#IceCube\" target=\"_blank\" rel=\"noopener\">(Lee et al., 1993; Osborne &amp; Cosgrove, 1983; Russell, Harlen, &amp; Watt, 1989; Tytler, 2000)<\/a>.<\/li>\n<\/ul>\n<h3>Implementation Tips<\/h3>\n<ul>\n<li>The drawings will help the teacher understand what students think about matter at the beginning of the pathway and be alert for opportunities to challenge their thinking.<\/li>\n<li>Use a container\u00a0that students can\u2019t see through so they will have to use their imagination.<\/li>\n<li>If resources are available, this experience could be done by students in pairs or small groups rather than as a demonstration.<\/li>\n<\/ul>\n","protected":false},"excerpt":{"rendered":"<p>Purpose To help the teacher and students become aware of students\u2019 initial thinking about how matter changes when it changes phase. Description As students watch, put an ice cube in an airtight\u00a0container (for example, Tupperware) and put the lid on. Tell students the container\u00a0will stay where it is in the classroom all day. Ask them<a class=\"moretag\" href=\"https:\/\/www.horizon-research.com\/ASSET\/matter\/driving-questions\/melting-ice-cube\/student-experience-1\/\"> Read the full article&#8230;<\/a><\/p>\n","protected":false},"author":1,"featured_media":0,"parent":201,"menu_order":0,"comment_status":"closed","ping_status":"closed","template":"","meta":{"footnotes":""},"class_list":["post-220","page","type-page","status-publish","hentry"],"_links":{"self":[{"href":"https:\/\/www.horizon-research.com\/ASSET\/wp-json\/wp\/v2\/pages\/220","targetHints":{"allow":["GET"]}}],"collection":[{"href":"https:\/\/www.horizon-research.com\/ASSET\/wp-json\/wp\/v2\/pages"}],"about":[{"href":"https:\/\/www.horizon-research.com\/ASSET\/wp-json\/wp\/v2\/types\/page"}],"author":[{"embeddable":true,"href":"https:\/\/www.horizon-research.com\/ASSET\/wp-json\/wp\/v2\/users\/1"}],"replies":[{"embeddable":true,"href":"https:\/\/www.horizon-research.com\/ASSET\/wp-json\/wp\/v2\/comments?post=220"}],"version-history":[{"count":11,"href":"https:\/\/www.horizon-research.com\/ASSET\/wp-json\/wp\/v2\/pages\/220\/revisions"}],"predecessor-version":[{"id":2737,"href":"https:\/\/www.horizon-research.com\/ASSET\/wp-json\/wp\/v2\/pages\/220\/revisions\/2737"}],"up":[{"embeddable":true,"href":"https:\/\/www.horizon-research.com\/ASSET\/wp-json\/wp\/v2\/pages\/201"}],"wp:attachment":[{"href":"https:\/\/www.horizon-research.com\/ASSET\/wp-json\/wp\/v2\/media?parent=220"}],"curies":[{"name":"wp","href":"https:\/\/api.w.org\/{rel}","templated":true}]}}