{"id":1582,"date":"2018-01-02T11:29:25","date_gmt":"2018-01-02T16:29:25","guid":{"rendered":"http:\/\/www.horizon-research.com\/ASSET\/?page_id=1582"},"modified":"2025-10-29T19:29:54","modified_gmt":"2025-10-29T23:29:54","slug":"the-mystery-at-sunrise-farm-pond-part-one","status":"publish","type":"page","link":"https:\/\/www.horizon-research.com\/ASSET\/getting-started-interdependence\/driving-question-pathway-the-mystery-at-sunrise-farm-pond\/the-mystery-at-sunrise-farm-pond-part-one\/","title":{"rendered":"The Mystery at Sunrise Farm Pond (Part One: Producers)"},"content":{"rendered":"<p><a href=\"https:\/\/www.horizon-research.com\/ASSET\/wp-content\/uploads\/2018\/01\/producers.png\"><img loading=\"lazy\" decoding=\"async\" class=\"alignnone size-full wp-image-1816 aligncenter\" src=\"https:\/\/www.horizon-research.com\/ASSET\/wp-content\/uploads\/2018\/01\/producers.png\" alt=\"producers\" width=\"125\" height=\"125\" srcset=\"https:\/\/www.horizon-research.com\/ASSET\/wp-content\/uploads\/2018\/01\/producers.png 216w, https:\/\/www.horizon-research.com\/ASSET\/wp-content\/uploads\/2018\/01\/producers-150x150.png 150w\" sizes=\"auto, (max-width: 125px) 100vw, 125px\" \/><\/a><br \/>\n<a href=\"https:\/\/www.horizon-research.com\/ASSET\/getting-started-interdependence\/driving-question-pathway-the-mystery-at-sunrise-farm-pond\/the-mystery-at-sunrise-farm-pond-part-one\/print\/\" rel=\"nofollow\" title=\"Print\">Print<\/a>\n<h3><strong>Navigating this Part of the Pathway<\/strong><\/h3>\n<p>This part of the pathway provides students with experiences that allow them to begin to piece together an answer to the overall driving question: Why are the fish dying in Sunrise Farm Pond? Prior to beginning Part One of the mystery, teachers will have already set up the experiments that require time for growth.\u00a0 Students have recorded daily observations of growth for about three weeks (except for weekends), but will not discuss their observations until instructed to in Part One.<\/p>\n<p>After this preliminary growth period, the pathway starts with students considering which <a href=\"https:\/\/www.horizon-research.com\/ASSET\/organisms-vs-plants-and-animals\/\" target=\"_blank\" rel=\"noopener\">organisms <\/a>are likely to be in a farm pond.\u00a0 Then students are introduced to the problem with the pond, which they will use as a basis for exploring interdependence in ecosystems.\u00a0 Students make initial models using a cross-sectional pond template to make predictions about what causes the fish in the pond to die.\u00a0 Using the experiments set up in advance of the unit and their observations,\u00a0 students compare growth of algae in jars of pond water with different amounts of <a href=\"https:\/\/www.horizon-research.com\/ASSET\/food-vs-nutrient\/\" target=\"_blank\" rel=\"noopener\">nutrients <\/a>and monitor growth of seedlings in different conditions (or engage with a simulation) to investigate what plants need to grow. \u00a0Finally, students revisit their cross-sectional models and make revisions using their emerging understanding of how abiotic factors (i.e., non-living factors such as oxygen, water, or nutrients) affect the growth of producers and how <a href=\"https:\/\/www.horizon-research.com\/ASSET\/plants-vs-producers\/\" target=\"_blank\" rel=\"noopener\">producers <\/a>influence their environments.<\/p>\n<div class=\"su-box su-box-style-default\" id=\"\" style=\"border-color:#c35200;border-radius:3px;\"><div class=\"su-box-title\" style=\"background-color:#f68513;color:#FFFFFF;border-top-left-radius:1px;border-top-right-radius:1px\">Disciplinary Core Ideas<\/div><div class=\"su-box-content su-u-clearfix su-u-trim\" style=\"border-bottom-left-radius:1px;border-bottom-right-radius:1px\"> Click on the links to view the K-12 progression for each listed DCI in a new tab. <div class=\"su-note\"  style=\"border-color:#e0c6a5;border-radius:3px;-moz-border-radius:3px;-webkit-border-radius:3px;\"><div class=\"su-note-inner su-u-clearfix su-u-trim\" style=\"background-color:#fae0bf;border-color:#ffffff;color:#333333;border-radius:3px;-moz-border-radius:3px;-webkit-border-radius:3px;\">\n<a href=\"https:\/\/ngss.nsta.org\/DisciplinaryCoreIdeas.aspx?id=18&amp;detailid=210\" target=\"_blank\" rel=\"noopener\"><strong>5.LS2.A<\/strong> (Interdependent Relationships in Ecosystems)<\/a><br \/>\n<b> The food of almost any kind of animal can be traced back to plants.\u00a0 Organisms are related in food webs in which some animals eat plants for food and other animals eat the animals that eat plants.\u00a0<\/b> Some organisms, such as fungi and bacteria, break down dead organisms (both plants or plant parts and animals) and therefore operate as \u201cdecomposers.\u201d\u00a0 Decomposition eventually restores (recycles) some materials back to the soil. Organisms can survive only in environments in which their particular needs are met.\u00a0 A healthy ecosystem is one in which multiple species of different types are each able to meet their needs in a relatively stable web of life.\u00a0 Newly introduced species can damage the balance of an ecosystem.<\/div><\/div>\n<div class=\"su-note\"  style=\"border-color:#e0c6a5;border-radius:3px;-moz-border-radius:3px;-webkit-border-radius:3px;\"><div class=\"su-note-inner su-u-clearfix su-u-trim\" style=\"background-color:#fae0bf;border-color:#ffffff;color:#333333;border-radius:3px;-moz-border-radius:3px;-webkit-border-radius:3px;\">\n<a href=\"https:\/\/ngss.nsta.org\/DisciplinaryCoreIdeas.aspx?id=10&amp;detailid=63\" target=\"_blank\" rel=\"noopener\"><strong>5.PS3.D<\/strong> (Energy in Chemical Processes and Everyday Life)<\/a><br \/>\nThe energy released [from] food was once energy from the sun that was captured by plants in the chemical process that forms plant matter (from air and water). <\/div><\/div>\n<div class=\"su-note\"  style=\"border-color:#e0c6a5;border-radius:3px;-moz-border-radius:3px;-webkit-border-radius:3px;\"><div class=\"su-note-inner su-u-clearfix su-u-trim\" style=\"background-color:#fae0bf;border-color:#ffffff;color:#333333;border-radius:3px;-moz-border-radius:3px;-webkit-border-radius:3px;\">\n<a href=\"https:\/\/ngss.nsta.org\/DisciplinaryCoreIdeas.aspx?id=16&amp;detailid=209\" target=\"_blank\" rel=\"noopener\"><strong>5.LS1.C<\/strong> (Organization for Matter and Energy Flow in Organisms)<\/a><br \/>\nPlants acquire their material for growth chiefly from air and water.<br \/>\n<\/div><\/div>\n<p>(NGSS Lead States, 2013)<\/div><\/div>\n<h3><strong>Connections to Other Pathway Parts<\/strong><\/h3>\n<p>Part One of the pathway lays the foundation for the other two parts, and, much like the relationships that tie together organisms within an <a href=\"https:\/\/www.horizon-research.com\/ASSET\/ecosystem\/\" target=\"_blank\" rel=\"noopener\">ecosystem<\/a>, this part of the pathway is linked by cause and effect to the other two parts.\u00a0 The three pathway parts together represent the natural sequence of events that occurs when a pond is overloaded with nutrients.\u00a0 Therefore, <strong><em>all pathway parts should be included in instruction and done in order<\/em><\/strong>.<\/p>\n<h3><strong>Teacher Content Background<\/strong><\/h3>\n<ul>\n<li>The food of almost any kind of organism can be traced back to producers such as plants and algae.<\/li>\n<li>Food provides organisms the materials and energy they need to grow and function.<\/li>\n<li>Producers make their own food inside themselves using energy from the Sun, and matter from air and water.<\/li>\n<li>Organisms can survive only in environments in which their particular needs are met.<\/li>\n<li>Environmental conditions include, but are not limited to, light, temperature, moisture, amount of oxygen, nutrient availability, and salinity.<\/li>\n<li>Natural events and human activity can change the balance or stability of an ecosystem.<\/li>\n<li>When the balance, or stability, of an ecosystem changes, the opportunities for different types of organisms to meet their needs can increase or decrease.<\/li>\n<\/ul>\n<p>When humans apply fertilizer containing nitrogen and phosphorus, they alter the balance of the pond ecosystem.\u00a0 These chemical nutrients are not food, but the pond\u2019s producers use them to make components they need to grow.\u00a0 When plants including algae (which are common to many bodies of water, including farm ponds), have plenty of these nutrients, they can better take advantage of sunlight to make their food (i.e., sugar) from water and carbon dioxide. \u00a0With abundant food, the algae grow much more rapidly and reproduce much faster than before.\u00a0 The increased growth of algae makes the water cloudy, preventing sunlight from reaching the deeper areas of the pond.\u00a0 The lack of sunlight reaching plants below the pond surface prevents them from making enough of their own food to support their growth.\u00a0 These plants can no longer provide their typical steady supply of oxygen to the pond water.<\/p>\n<p>Although producers living in water can look very different from most plants growing on land, they all make their own food and have the same fundamental requirements for this process:\u00a0 sunlight, air (particularly carbon dioxide), and water.<\/p>\n<h3><strong>Student Thinking<\/strong><\/h3>\n<p><em>Students have many misconceptions about producers and their interactions with abiotic factors.<\/em>\u00a0 For example, students often think that:<\/p>\n<ul>\n<li>producers take in food from their surroundings (e.g., the soil), as opposed to making food (Adeniyi, 1985; Barman, Stein, McNair, &amp; Barman, 2006; Brody, 1993; \u00c7etin, 2007; Helld\u00e9n, 1998; Hogan, 1994; Hogan &amp; Fisherkeller, 1996; Leach, Driver, Scott, &amp; Wood-Robinson, 1992; \u00d6zkan, Tekkaya, &amp; Geban, 2004; Simpson &amp; Arnold, 1982b; Smith &amp; Anderson, 1984)<\/li>\n<li>light enhances plant health but is not essential (Smith &amp; Anderson, 1984)<\/li>\n<li>fertilizer is food for plants (Keeley, 2012; Smith &amp; Anderson, 1984)<\/li>\n<li>plants do not live in water (Adeniyi, 1985; Brody, 1993, 1994; Brody &amp; Koch, 1990)<\/li>\n<li>plants exist only to make food for animals that eat plants (Keeley, 2012)<\/li>\n<li>humans are producers because they prepare their own food<\/li>\n<\/ul>\n<p>Some students do acknowledge that producers make food for their own growth; however, they tend to have an incomplete understanding of the process, often omitting one or more of the essential components (i.e., light, carbon dioxide, and water) needed to produce food (Barman et al., 2006; Helld\u00e9n, 1998; Simpson &amp; Arnold, 1982a; Smith &amp; Anderson, 1984).\u00a0 Some may realize that fertilizers are used to help plants grow but not understand that they are non-food chemical nutrients.<\/p>\n<p>In addition, students\u2019 general lack of familiarity with producers growing in water makes it difficult for them to fully understand the needs of such producers.\u00a0 For example, many students think that underwater aquatic plants (e.g., seaweed) do not need light to grow (Brody, 1993, 1994; Brody &amp; Koch, 1990).\u00a0 Some simply do not have any conception of dissolved gases (as opposed to bubbles in liquid), such as oxygen or carbon dioxide, being present in water (Brody, 1994).<\/p>\n<p><em>Students also often hold incomplete or inaccurate ideas about how humans interact with ecosystems.<\/em>\u00a0 For example, some think that plants generally need human care to survive.\u00a0 Students may also think that pond organisms (e.g., ducks, fish) depend on humans for food (Demetriou et al., 2009; Leach et al., 1992; Leach, Driver, Scott, &amp; Wood-Robinson, 1996b).\u00a0 Some students may have one of two extreme views of human influence on ecosystems:<\/p>\n<ol>\n<li>All change in ecosystems is caused by humans and is bad.\u00a0 For example, some think that fertilizers are universally toxic (Gunckel, 1999; Hogan, 2000).\u00a0 Or<\/li>\n<li>Human activity is separate from ecosystem function.<\/li>\n<\/ol>\n<p><em>Finally, some students think that the bigger an organism, the more important it is in an ecosystem.<\/em> They may have difficulty grasping that small (particularly microscopic) organisms can have important effects (Hogan, 2002).<\/p>\n<h3><strong>Student Experiences<\/strong><\/h3>\n<p><a href=\"https:\/\/www.horizon-research.com\/ASSET\/getting-started-interdependence\/driving-question-pathway-the-mystery-at-sunrise-farm-pond\/the-mystery-at-sunrise-farm-pond-part-one\/student-experience-1-what-lives-in-a-farm-pond\/\" target=\"_blank\" rel=\"noopener\"><b>Student Experience 1: What lives in a farm pond? <\/b><\/a> (Students collectively draw on existing knowledge to identify pond organisms.)<\/p>\n<p><a href=\"https:\/\/www.horizon-research.com\/ASSET\/getting-started-interdependence\/driving-question-pathway-the-mystery-at-sunrise-farm-pond\/the-mystery-at-sunrise-farm-pond-part-one\/student-experience-2-how-can-we-represent-what-happened-at-sunrise-farm-pond\/\" target=\"_blank\" rel=\"noopener\"><b>Student Experience 2: How can we represent what happened at Sunrise Farm Pond?<\/b><\/a>\u00a0(Students consider the mystery at Sunrise Farm Pond and make an initial model to predict the causes.)\u00a0 <a href=\"https:\/\/ngss.nsta.org\/DisciplinaryCoreIdeas.aspx?id=18&amp;detailid=210\" target=\"_blank\" rel=\"noopener\"><span class=\"su-label su-label-type-warning\">5.LS2.A<\/span><\/a> <a href=\"https:\/\/ngss.nsta.org\/Practices.aspx?id=1\" target=\"_blank\" rel=\"noopener\"><span class=\"su-label su-label-type-info\">SEP: Asking Questions<\/span><\/a> <a href=\"https:\/\/ngss.nsta.org\/Practices.aspx?id=2&amp;exampleid=461\" target=\"_blank\" rel=\"noopener\"><span class=\"su-label su-label-type-info\">SEP: Developing and Using Models<\/span><\/a> <a href=\"https:\/\/ngss.nsta.org\/CrosscuttingConcepts.aspx?id=2\" target=\"_blank\" rel=\"noopener\"><span class=\"su-label su-label-type-success\">CCC: Cause and Effect<\/span><\/a> <a href=\"https:\/\/ngss.nsta.org\/CrosscuttingConcepts.aspx?id=4\" target=\"_blank\" rel=\"noopener\"><span class=\"su-label su-label-type-success\">CCC: Systems and System Models<\/span><\/a><\/p>\n<p><a href=\"https:\/\/www.horizon-research.com\/ASSET\/getting-started-interdependence\/driving-question-pathway-the-mystery-at-sunrise-farm-pond\/the-mystery-at-sunrise-farm-pond-part-one\/student-experience-3-what-happens-when-nutrients-are-added-to-pond-water\/\" target=\"_blank\" rel=\"noopener\"><b>Student Experience 3: What happens when nutrients are added to pond water?<\/b><\/a> (Students address the effects of fertilizer added to jars of pond water.) <a href=\"https:\/\/ngss.nsta.org\/DisciplinaryCoreIdeas.aspx?id=18&amp;detailid=210\" target=\"_blank\" rel=\"noopener\"><span class=\"su-label su-label-type-warning\">5.LS2.A<\/span><\/a>\u00a0<a href=\"https:\/\/ngss.nsta.org\/DisciplinaryCoreIdeas.aspx?id=16&amp;detailid=209\" target=\"_blank\" rel=\"noopener\"><span class=\"su-label su-label-type-warning\">5.LS1.C<\/span><\/a> <a href=\"https:\/\/ngss.nsta.org\/Practices.aspx?id=4\" target=\"_blank\" rel=\"noopener\"><span class=\"su-label su-label-type-info\">SEP: Analyzing and Interpreting Data<\/span> <\/a><a href=\"https:\/\/ngss.nsta.org\/CrosscuttingConcepts.aspx?id=1\" target=\"_blank\" rel=\"noopener\"><span class=\"su-label su-label-type-success\">CCC: Patterns<\/span><\/a> <a href=\"https:\/\/ngss.nsta.org\/CrosscuttingConcepts.aspx?id=2\" target=\"_blank\" rel=\"noopener\"><span class=\"su-label su-label-type-success\">CCC: Cause and Effect<\/span><\/a><\/p>\n<p><a href=\"https:\/\/www.horizon-research.com\/ASSET\/getting-started-interdependence\/driving-question-pathway-the-mystery-at-sunrise-farm-pond\/student-experience-4-what-do-plants-need-to-grow\/\" target=\"_blank\" rel=\"noopener\"><b>Student Experience 4: What do plants need to grow?<\/b><\/a> (Students examine plant growth under several conditions to determine what plants need to grow.) <a href=\"https:\/\/ngss.nsta.org\/DisciplinaryCoreIdeas.aspx?id=16&amp;detailid=209\" target=\"_blank\" rel=\"noopener\"><span class=\"su-label su-label-type-warning\">5.LS1.C<\/span><\/a> <a href=\"https:\/\/ngss.nsta.org\/DisciplinaryCoreIdeas.aspx?id=10&amp;detailid=63\" target=\"_blank\" rel=\"noopener\"><span class=\"su-label su-label-type-warning\">5.PS3.D<\/span><\/a> <a href=\"https:\/\/ngss.nsta.org\/Practices.aspx?id=6\" target=\"_blank\" rel=\"noopener\"><span class=\"su-label su-label-type-info\">SEP: Constructing Explanations <\/span><\/a> <a href=\"https:\/\/ngss.nsta.org\/CrosscuttingConcepts.aspx?id=1\" target=\"_blank\" rel=\"noopener\"><span class=\"su-label su-label-type-success\">CCC: Patterns<\/span><\/a><\/p>\n<p><a href=\"https:\/\/www.horizon-research.com\/ASSET\/getting-started-interdependence\/driving-question-pathway-the-mystery-at-sunrise-farm-pond\/the-mystery-at-sunrise-farm-pond-part-one\/student-experience-5-how-should-we-revise-our-pond-model\/\" target=\"_blank\" rel=\"noopener\"><b>Student Experience 5: How should we revise our pond models?<\/b><\/a> \u00a0(Students revisit the mystery at Sunrise Farm Pond and revise their models based on new ideas.) <a href=\"https:\/\/ngss.nsta.org\/DisciplinaryCoreIdeas.aspx?id=18&amp;detailid=210\" target=\"_blank\" rel=\"noopener\"><span class=\"su-label su-label-type-warning\">5.LS2.A<\/span><\/a> <a href=\"https:\/\/ngss.nsta.org\/Practices.aspx?id=2&amp;exampleid=461\" target=\"_blank\" rel=\"noopener\"><span class=\"su-label su-label-type-info\">SEP: Developing and Using Models<\/span> <\/a><a href=\"https:\/\/ngss.nsta.org\/Practices.aspx?id=6\" target=\"_blank\" rel=\"noopener\"><span class=\"su-label su-label-type-info\">SEP: Constructing Explanations <\/span> <\/a><a href=\"https:\/\/ngss.nsta.org\/CrosscuttingConcepts.aspx?id=2\" target=\"_blank\" rel=\"noopener\"><span class=\"su-label su-label-type-success\">CCC: Cause and Effect<\/span><\/a><\/p>\n<p><a href=\"https:\/\/www.horizon-research.com\/ASSET\/getting-started-interdependence\/driving-question-pathway-the-mystery-at-sunrise-farm-pond\/the-mystery-at-sunrise-farm-pond-part-one\/student-experience-6-more-of-the-story\/\" target=\"_blank\" rel=\"noopener\"><b>Student Experience 6: More of the story<\/b><\/a>\u00a0 (Students hear more of the story from the Mystery at Sunrise Farm Pond and discuss how it relates to their pond models.) <a href=\"https:\/\/ngss.nsta.org\/DisciplinaryCoreIdeas.aspx?id=18&amp;detailid=210\" target=\"_blank\" rel=\"noopener\"><span class=\"su-label su-label-type-warning\">5.LS2.A<\/span><\/a> <a href=\"https:\/\/ngss.nsta.org\/Practices.aspx?id=2&amp;exampleid=461\" target=\"_blank\" rel=\"noopener\"><span class=\"su-label su-label-type-info\">SEP: Developing and Using Models<\/span><\/a> <a href=\"https:\/\/ngss.nsta.org\/Practices.aspx?id=7\" target=\"_blank\" rel=\"noopener\"><span class=\"su-label su-label-type-info\">SEP: Engaging in Argument from Evidence<\/span><\/a>\u00a0<a href=\"https:\/\/ngss.nsta.org\/Practices.aspx?id=1\" target=\"_blank\" rel=\"noopener\"><span class=\"su-label su-label-type-info\">SEP: Asking Questions<\/span> <\/a><a href=\"https:\/\/ngss.nsta.org\/CrosscuttingConcepts.aspx?id=2\" target=\"_blank\" rel=\"noopener\"><span class=\"su-label su-label-type-success\">CCC: Cause and Effect<\/span><\/a> <a href=\"https:\/\/ngss.nsta.org\/CrosscuttingConcepts.aspx?id=4\" target=\"_blank\" rel=\"noopener\"><span class=\"su-label su-label-type-success\">CCC: Systems and System Models<\/span><\/a><\/p>\n","protected":false},"excerpt":{"rendered":"<p>Navigating this Part of the Pathway This part of the pathway provides students with experiences that allow them to begin to piece together an answer to the overall driving question: Why are the fish dying in Sunrise Farm Pond? Prior to beginning Part One of the mystery, teachers will have already set up the experiments<a class=\"moretag\" href=\"https:\/\/www.horizon-research.com\/ASSET\/getting-started-interdependence\/driving-question-pathway-the-mystery-at-sunrise-farm-pond\/the-mystery-at-sunrise-farm-pond-part-one\/\"> Read the full article&#8230;<\/a><\/p>\n","protected":false},"author":2,"featured_media":0,"parent":1652,"menu_order":0,"comment_status":"closed","ping_status":"closed","template":"","meta":{"footnotes":""},"class_list":["post-1582","page","type-page","status-publish","hentry"],"_links":{"self":[{"href":"https:\/\/www.horizon-research.com\/ASSET\/wp-json\/wp\/v2\/pages\/1582","targetHints":{"allow":["GET"]}}],"collection":[{"href":"https:\/\/www.horizon-research.com\/ASSET\/wp-json\/wp\/v2\/pages"}],"about":[{"href":"https:\/\/www.horizon-research.com\/ASSET\/wp-json\/wp\/v2\/types\/page"}],"author":[{"embeddable":true,"href":"https:\/\/www.horizon-research.com\/ASSET\/wp-json\/wp\/v2\/users\/2"}],"replies":[{"embeddable":true,"href":"https:\/\/www.horizon-research.com\/ASSET\/wp-json\/wp\/v2\/comments?post=1582"}],"version-history":[{"count":10,"href":"https:\/\/www.horizon-research.com\/ASSET\/wp-json\/wp\/v2\/pages\/1582\/revisions"}],"predecessor-version":[{"id":2799,"href":"https:\/\/www.horizon-research.com\/ASSET\/wp-json\/wp\/v2\/pages\/1582\/revisions\/2799"}],"up":[{"embeddable":true,"href":"https:\/\/www.horizon-research.com\/ASSET\/wp-json\/wp\/v2\/pages\/1652"}],"wp:attachment":[{"href":"https:\/\/www.horizon-research.com\/ASSET\/wp-json\/wp\/v2\/media?parent=1582"}],"curies":[{"name":"wp","href":"https:\/\/api.w.org\/{rel}","templated":true}]}}